{"id":3611,"date":"2024-04-10T21:18:13","date_gmt":"2024-04-10T21:18:13","guid":{"rendered":"https:\/\/www.moicca.com.ar\/?post_type=product&#038;p=3611"},"modified":"2025-09-28T23:28:05","modified_gmt":"2025-09-28T23:28:05","slug":"cinturon-camuflado-rosa","status":"publish","type":"product","link":"https:\/\/www.moicca.com.ar\/index.php\/producto\/cinturon-camuflado-rosa\/","title":{"rendered":"Camuflado Rosa"},"content":{"rendered":"<p style=\"border:0px;font-size:13.68px;font-style:normal;font-weight:400;margin:0px0px1em;padding:0px;vertical-align:baseline;font-family:Poppins,sans-serif;letter-spacing:normal;text-transform:none;text-align:left\"><strong style=\"font-weight: 700\">CINTURON CAMUFLADO ROSA<\/strong> <strong>MOICCA<\/strong><span> <\/span>\u2728\ufe0f<\/p>\n<p style=\"border:0px;font-size:13.68px;font-style:normal;font-weight:400;margin:0px0px1em;padding:0px;vertical-align:baseline;font-family:Poppins,sans-serif;letter-spacing:normal;text-transform:none;text-align:left\">\u25cf Cinta de Polipropileno estampada de alta resistencia, lavable y suave al tacto para que no te hagas da\u00f1o.<\/p>\n<p style=\"border:0px;font-size:13.68px;font-style:normal;font-weight:400;margin:0px0px1em;padding:0px;vertical-align:baseline;font-family:Poppins,sans-serif;letter-spacing:normal;text-transform:none;text-align:left\">\u25cf Mosquet\u00f3n grande, soldado y reforzado.<\/p>\n<p>\u25cf Hebilla reglamentaria soldada para el auto.<\/p>\n<p style=\"border:0px;font-size:13.68px;font-style:normal;font-weight:400;margin:0px0px1em;padding:0px;vertical-align:baseline;font-family:Poppins,sans-serif;letter-spacing:normal;text-transform:none;text-align:left\">\u25cf Con doble costura para aumentar la durabilidad y la resistencia.<\/p>\n<p>\u25cf F\u00e1cil de colocar con Regulador, de 45 a 85 cm aproximadamente.<\/p>\n<p style=\"border:0px;font-size:13.68px;font-style:normal;font-weight:400;margin:0px0px1em;padding:0px;vertical-align:baseline;font-family:Poppins,sans-serif;letter-spacing:normal;text-transform:none;text-align:left\">\u25cf Ancho del cintur\u00f3n 2,5cm.<\/p>\n<p><strong>Aconsejamos utilizarlo con arn\u00e9s y no con collar para evita tirones en la tr\u00e1quea como en la laringe ubicadas en el cuello de tu mascota<\/strong>.<\/p>\n<p style=\"border:0px;font-size:13.68px;font-style:normal;font-weight:400;margin:0px0px1em;padding:0px;vertical-align:baseline;font-family:Poppins,sans-serif;letter-spacing:normal;text-transform:none;text-align:left\">\ud83c\udf1f Combina con todos los accesorios a conjunto.<\/p>\n<p style=\"border:0px;font-size:13.68px;font-style:normal;font-weight:400;margin:0px0px1em;padding:0px;vertical-align:baseline;font-family:Poppins,sans-serif;letter-spacing:normal;text-transform:none;text-align:left\">\u25cb SUM\u00c1 los productos que quieras al CARRITO DE COMPRAS para aprovechar UN SOLO ENVIO.<\/p>\n<p style=\"border:0px;font-size:13.68px;font-style:normal;font-weight:400;margin:0px0px1em;padding:0px;vertical-align:baseline;font-family:Poppins,sans-serif;letter-spacing:normal;text-transform:none;text-align:left\">\ud83d\udef5 Envios en CABA $3.700.<span> <\/span><em style=\"font-style: italic\">Se puede abonar el pedido en efectivo al recibir.<\/em><\/p>\n<p style=\"border:0px;font-size:13.68px;font-style:normal;font-weight:400;margin:0px0px1em;padding:0px;vertical-align:baseline;font-family:Poppins,sans-serif;letter-spacing:normal;text-transform:none;text-align:left\">\ud83d\ude9b Envios al interior y GBA por Correo Argentino.<span><em style=\"font-style: italic\"> <\/em><\/span><em style=\"font-style: italic\">A sucursal o punto pickit $6.400 y a domicilio $7.900.<\/em><\/p>\n<p style=\"border:0px;font-size:13.68px;font-style:normal;font-weight:400;margin:0px0px1em;padding:0px;vertical-align:baseline;font-family:Poppins,sans-serif;letter-spacing:normal;text-transform:none;text-align:left\">\ud83d\udccdLos retiros son por Flores, CABA.<span> <\/span><em style=\"font-style: italic\">Acordando d\u00eda y horario.<\/em><\/p>\n<p style=\"border:0px;font-size:13.68px;font-style:normal;font-weight:400;margin:0px0px1em;padding:0px;vertical-align:baseline;font-family:Poppins,sans-serif;letter-spacing:normal;text-transform:none;text-align:left\">Somos fabricantes de nuestros productos. Brindamos garant\u00eda y protecci\u00f3n al consumidor.<\/p>\n<p><em>RECOMENDACI\u00d3N: Ser responsable al conducir y lleva a tu mascota en el asiento trasero como lo especifica la ley de transito n\u00b0 13.637 en la provincia de Buenos Aires.<\/em><\/p>\n<p style=\"border:0px;font-size:13.68px;font-style:normal;font-weight:400;margin:0px;padding:0px;vertical-align:baseline;font-family:Poppins,sans-serif;letter-spacing:normal;text-transform:none;text-align:left\"><strong style=\"font-weight: 700\">\u00a1Queremos que cada vez que tu mascota use un producto nuestro se sienta c\u00f3modo y seguro!<\/strong><span><strong style=\"font-weight: 700\"> <\/strong><\/span>\ud83d\udc96<\/p>\n","protected":false},"excerpt":{"rendered":"<p>CINTURON CAMUFLADO ROSA MOICCA \u2728\ufe0f \u25cf Cinta de Polipropileno estampada de alta resistencia, lavable y suave al tacto para que no te hagas da\u00f1o. \u25cf Mosquet\u00f3n grande, soldado y reforzado. \u25cf Hebilla reglamentaria soldada para el auto. \u25cf Con doble costura para aumentar la durabilidad y la resistencia. \u25cf F\u00e1cil de colocar con Regulador, de [&hellip;]<\/p>\n","protected":false},"featured_media":3911,"comment_status":"closed","ping_status":"closed","template":"","meta":{"site-sidebar-layout":"default","site-content-layout":"default","ast-site-content-layout":"default","site-content-style":"default","site-sidebar-style":"default","ast-global-header-display":"","ast-banner-title-visibility":"","ast-main-header-display":"","ast-hfb-above-header-display":"","ast-hfb-below-header-display":"","ast-hfb-mobile-header-display":"","site-post-title":"","ast-breadcrumbs-content":"disabled","ast-featured-img":"","footer-sml-layout":"","ast-disable-related-posts":"","theme-transparent-header-meta":"default","adv-header-id-meta":"","stick-header-meta":"","header-above-stick-meta":"","header-main-stick-meta":"","header-below-stick-meta":"","astra-migrate-meta-layouts":"set","ast-page-background-enabled":"default","ast-page-background-meta":{"desktop":{"background-color":"","background-image":"","background-repeat":"repeat","background-position":"center center","background-size":"auto","background-attachment":"scroll","background-type":"","background-media":"","overlay-type":"","overlay-color":"","overlay-opacity":"","overlay-gradient":""},"tablet":{"background-color":"","background-image":"","background-repeat":"repeat","background-position":"center center","background-size":"auto","background-attachment":"scroll","background-type":"","background-media":"","overlay-type":"","overlay-color":"","overlay-opacity":"","overlay-gradient":""},"mobile":{"background-color":"","background-image":"","background-repeat":"repeat","background-position":"center center","background-size":"auto","background-attachment":"scroll","background-type":"","background-media":"","overlay-type":"","overlay-color":"","overlay-opacity":"","overlay-gradient":""}},"ast-content-background-meta":{"desktop":{"background-color":"var(--ast-global-color-5)","background-image":"","background-repeat":"repeat","background-position":"center center","background-size":"auto","background-attachment":"scroll","background-type":"","background-media":"","overlay-type":"","overlay-color":"","overlay-opacity":"","overlay-gradient":""},"tablet":{"background-color":"var(--ast-global-color-5)","background-image":"","background-repeat":"repeat","background-position":"center center","background-size":"auto","background-attachment":"scroll","background-type":"","background-media":"","overlay-type":"","overlay-color":"","overlay-opacity":"","overlay-gradient":""},"mobile":{"background-color":"var(--ast-global-color-5)","background-image":"","background-repeat":"repeat","background-position":"center center","background-size":"auto","background-attachment":"scroll","background-type":"","background-media":"","overlay-type":"","overlay-color":"","overlay-opacity":"","overlay-gradient":""}}},"product_brand":[],"product_cat":[69],"product_tag":[],"class_list":{"0":"post-3611","1":"product","2":"type-product","3":"status-publish","4":"has-post-thumbnail","6":"product_cat-cinturon-seguridad","7":"desktop-align-center","8":"tablet-align-left","9":"mobile-align-center","11":"first","12":"instock","13":"shipping-taxable","14":"purchasable","15":"product-type-simple"},"yoast_head":"<!-- This site is optimized with the Yoast SEO plugin v27.3 - https:\/\/yoast.com\/product\/yoast-seo-wordpress\/ -->\n<title>Camuflado Rosa - Moicca Mascotas<\/title>\n<meta name=\"description\" content=\"Consegu\u00ed tu cinturon Camuflado Rosa! Spiderman, Capitan America y mas dise\u00f1os ! Son lavables y hay gran variedad de talles. Ped\u00ed el tuyo !\" \/>\n<meta name=\"robots\" content=\"index, follow, max-snippet:-1, max-image-preview:large, max-video-preview:-1\" \/>\n<link rel=\"canonical\" href=\"https:\/\/www.moicca.com.ar\/index.php\/producto\/cinturon-camuflado-rosa\/\" \/>\n<meta property=\"og:locale\" content=\"es_ES\" \/>\n<meta property=\"og:type\" content=\"article\" \/>\n<meta property=\"og:title\" content=\"Camuflado Rosa - Moicca Mascotas\" \/>\n<meta property=\"og:description\" content=\"Consegu\u00ed tu cinturon Camuflado Rosa! Spiderman, Capitan America y mas dise\u00f1os ! Son lavables y hay gran variedad de talles. Ped\u00ed el tuyo !\" \/>\n<meta property=\"og:url\" content=\"https:\/\/www.moicca.com.ar\/index.php\/producto\/cinturon-camuflado-rosa\/\" \/>\n<meta property=\"og:site_name\" content=\"Moicca Mascotas\" \/>\n<meta property=\"article:modified_time\" content=\"2025-09-28T23:28:05+00:00\" \/>\n<meta property=\"og:image\" content=\"https:\/\/www.moicca.com.ar\/wp-content\/uploads\/2024\/04\/1000265197-scaled.jpg\" \/>\n\t<meta property=\"og:image:width\" content=\"2560\" \/>\n\t<meta property=\"og:image:height\" content=\"2560\" \/>\n\t<meta property=\"og:image:type\" content=\"image\/jpeg\" \/>\n<meta name=\"twitter:card\" content=\"summary_large_image\" \/>\n<meta name=\"twitter:label1\" content=\"Tiempo de lectura\" \/>\n\t<meta name=\"twitter:data1\" content=\"2 minutos\" \/>\n<script type=\"application\/ld+json\" class=\"yoast-schema-graph\">{\"@context\":\"https:\\\/\\\/schema.org\",\"@graph\":[{\"@type\":\"WebPage\",\"@id\":\"https:\\\/\\\/www.moicca.com.ar\\\/index.php\\\/producto\\\/cinturon-camuflado-rosa\\\/\",\"url\":\"https:\\\/\\\/www.moicca.com.ar\\\/index.php\\\/producto\\\/cinturon-camuflado-rosa\\\/\",\"name\":\"Camuflado Rosa - Moicca Mascotas\",\"isPartOf\":{\"@id\":\"https:\\\/\\\/www.moicca.com.ar\\\/#website\"},\"primaryImageOfPage\":{\"@id\":\"https:\\\/\\\/www.moicca.com.ar\\\/index.php\\\/producto\\\/cinturon-camuflado-rosa\\\/#primaryimage\"},\"image\":{\"@id\":\"https:\\\/\\\/www.moicca.com.ar\\\/index.php\\\/producto\\\/cinturon-camuflado-rosa\\\/#primaryimage\"},\"thumbnailUrl\":\"https:\\\/\\\/www.moicca.com.ar\\\/wp-content\\\/uploads\\\/2024\\\/04\\\/1000265197-scaled.jpg\",\"datePublished\":\"2024-04-10T21:18:13+00:00\",\"dateModified\":\"2025-09-28T23:28:05+00:00\",\"description\":\"Consegu\u00ed tu cinturon Camuflado Rosa! Spiderman, Capitan America y mas dise\u00f1os ! Son lavables y hay gran variedad de talles. Ped\u00ed el tuyo !\",\"breadcrumb\":{\"@id\":\"https:\\\/\\\/www.moicca.com.ar\\\/index.php\\\/producto\\\/cinturon-camuflado-rosa\\\/#breadcrumb\"},\"inLanguage\":\"es\",\"potentialAction\":[{\"@type\":\"ReadAction\",\"target\":[\"https:\\\/\\\/www.moicca.com.ar\\\/index.php\\\/producto\\\/cinturon-camuflado-rosa\\\/\"]}]},{\"@type\":\"ImageObject\",\"inLanguage\":\"es\",\"@id\":\"https:\\\/\\\/www.moicca.com.ar\\\/index.php\\\/producto\\\/cinturon-camuflado-rosa\\\/#primaryimage\",\"url\":\"https:\\\/\\\/www.moicca.com.ar\\\/wp-content\\\/uploads\\\/2024\\\/04\\\/1000265197-scaled.jpg\",\"contentUrl\":\"https:\\\/\\\/www.moicca.com.ar\\\/wp-content\\\/uploads\\\/2024\\\/04\\\/1000265197-scaled.jpg\",\"width\":2560,\"height\":2560,\"caption\":\"{\\\"remix_data\\\":[],\\\"remix_entry_point\\\":\\\"challenges\\\",\\\"source_tags\\\":[],\\\"origin\\\":\\\"unknown\\\",\\\"total_draw_time\\\":0,\\\"total_draw_actions\\\":0,\\\"layers_used\\\":0,\\\"brushes_used\\\":0,\\\"photos_added\\\":0,\\\"total_editor_actions\\\":{},\\\"tools_used\\\":{\\\"clone\\\":2},\\\"is_sticker\\\":false,\\\"edited_since_last_sticker_save\\\":true,\\\"containsFTESticker\\\":false}\"},{\"@type\":\"BreadcrumbList\",\"@id\":\"https:\\\/\\\/www.moicca.com.ar\\\/index.php\\\/producto\\\/cinturon-camuflado-rosa\\\/#breadcrumb\",\"itemListElement\":[{\"@type\":\"ListItem\",\"position\":1,\"name\":\"Portada\",\"item\":\"https:\\\/\\\/www.moicca.com.ar\\\/\"},{\"@type\":\"ListItem\",\"position\":2,\"name\":\"Tienda\",\"item\":\"https:\\\/\\\/www.moicca.com.ar\\\/index.php\\\/tienda\\\/\"},{\"@type\":\"ListItem\",\"position\":3,\"name\":\"Camuflado Rosa\"}]},{\"@type\":\"WebSite\",\"@id\":\"https:\\\/\\\/www.moicca.com.ar\\\/#website\",\"url\":\"https:\\\/\\\/www.moicca.com.ar\\\/\",\"name\":\"Moicca Mascotas\",\"description\":\"Accesorios para mascotas\",\"publisher\":{\"@id\":\"https:\\\/\\\/www.moicca.com.ar\\\/#organization\"},\"potentialAction\":[{\"@type\":\"SearchAction\",\"target\":{\"@type\":\"EntryPoint\",\"urlTemplate\":\"https:\\\/\\\/www.moicca.com.ar\\\/?s={search_term_string}\"},\"query-input\":{\"@type\":\"PropertyValueSpecification\",\"valueRequired\":true,\"valueName\":\"search_term_string\"}}],\"inLanguage\":\"es\"},{\"@type\":\"Organization\",\"@id\":\"https:\\\/\\\/www.moicca.com.ar\\\/#organization\",\"name\":\"Moicca Mascotas\",\"url\":\"https:\\\/\\\/www.moicca.com.ar\\\/\",\"logo\":{\"@type\":\"ImageObject\",\"inLanguage\":\"es\",\"@id\":\"https:\\\/\\\/www.moicca.com.ar\\\/#\\\/schema\\\/logo\\\/image\\\/\",\"url\":\"https:\\\/\\\/www.moicca.com.ar\\\/wp-content\\\/uploads\\\/2023\\\/07\\\/cropped-Picsart_23-07-22_14-00-20-313-1-scaled-1.jpg\",\"contentUrl\":\"https:\\\/\\\/www.moicca.com.ar\\\/wp-content\\\/uploads\\\/2023\\\/07\\\/cropped-Picsart_23-07-22_14-00-20-313-1-scaled-1.jpg\",\"width\":512,\"height\":512,\"caption\":\"Moicca Mascotas\"},\"image\":{\"@id\":\"https:\\\/\\\/www.moicca.com.ar\\\/#\\\/schema\\\/logo\\\/image\\\/\"},\"sameAs\":[\"https:\\\/\\\/www.instagram.com\\\/moicca.mascotas\\\/?hl=es\"]}]}<\/script>\n<!-- \/ Yoast SEO plugin. -->","yoast_head_json":{"title":"Camuflado Rosa - Moicca Mascotas","description":"Consegu\u00ed tu cinturon Camuflado Rosa! Spiderman, Capitan America y mas dise\u00f1os ! Son lavables y hay gran variedad de talles. Ped\u00ed el tuyo !","robots":{"index":"index","follow":"follow","max-snippet":"max-snippet:-1","max-image-preview":"max-image-preview:large","max-video-preview":"max-video-preview:-1"},"canonical":"https:\/\/www.moicca.com.ar\/index.php\/producto\/cinturon-camuflado-rosa\/","og_locale":"es_ES","og_type":"article","og_title":"Camuflado Rosa - Moicca Mascotas","og_description":"Consegu\u00ed tu cinturon Camuflado Rosa! Spiderman, Capitan America y mas dise\u00f1os ! Son lavables y hay gran variedad de talles. Ped\u00ed el tuyo !","og_url":"https:\/\/www.moicca.com.ar\/index.php\/producto\/cinturon-camuflado-rosa\/","og_site_name":"Moicca Mascotas","article_modified_time":"2025-09-28T23:28:05+00:00","og_image":[{"width":2560,"height":2560,"url":"https:\/\/www.moicca.com.ar\/wp-content\/uploads\/2024\/04\/1000265197-scaled.jpg","type":"image\/jpeg"}],"twitter_card":"summary_large_image","twitter_misc":{"Tiempo de lectura":"2 minutos"},"schema":{"@context":"https:\/\/schema.org","@graph":[{"@type":"WebPage","@id":"https:\/\/www.moicca.com.ar\/index.php\/producto\/cinturon-camuflado-rosa\/","url":"https:\/\/www.moicca.com.ar\/index.php\/producto\/cinturon-camuflado-rosa\/","name":"Camuflado Rosa - Moicca Mascotas","isPartOf":{"@id":"https:\/\/www.moicca.com.ar\/#website"},"primaryImageOfPage":{"@id":"https:\/\/www.moicca.com.ar\/index.php\/producto\/cinturon-camuflado-rosa\/#primaryimage"},"image":{"@id":"https:\/\/www.moicca.com.ar\/index.php\/producto\/cinturon-camuflado-rosa\/#primaryimage"},"thumbnailUrl":"https:\/\/www.moicca.com.ar\/wp-content\/uploads\/2024\/04\/1000265197-scaled.jpg","datePublished":"2024-04-10T21:18:13+00:00","dateModified":"2025-09-28T23:28:05+00:00","description":"Consegu\u00ed tu cinturon Camuflado Rosa! Spiderman, Capitan America y mas dise\u00f1os ! Son lavables y hay gran variedad de talles. Ped\u00ed el tuyo !","breadcrumb":{"@id":"https:\/\/www.moicca.com.ar\/index.php\/producto\/cinturon-camuflado-rosa\/#breadcrumb"},"inLanguage":"es","potentialAction":[{"@type":"ReadAction","target":["https:\/\/www.moicca.com.ar\/index.php\/producto\/cinturon-camuflado-rosa\/"]}]},{"@type":"ImageObject","inLanguage":"es","@id":"https:\/\/www.moicca.com.ar\/index.php\/producto\/cinturon-camuflado-rosa\/#primaryimage","url":"https:\/\/www.moicca.com.ar\/wp-content\/uploads\/2024\/04\/1000265197-scaled.jpg","contentUrl":"https:\/\/www.moicca.com.ar\/wp-content\/uploads\/2024\/04\/1000265197-scaled.jpg","width":2560,"height":2560,"caption":"{\"remix_data\":[],\"remix_entry_point\":\"challenges\",\"source_tags\":[],\"origin\":\"unknown\",\"total_draw_time\":0,\"total_draw_actions\":0,\"layers_used\":0,\"brushes_used\":0,\"photos_added\":0,\"total_editor_actions\":{},\"tools_used\":{\"clone\":2},\"is_sticker\":false,\"edited_since_last_sticker_save\":true,\"containsFTESticker\":false}"},{"@type":"BreadcrumbList","@id":"https:\/\/www.moicca.com.ar\/index.php\/producto\/cinturon-camuflado-rosa\/#breadcrumb","itemListElement":[{"@type":"ListItem","position":1,"name":"Portada","item":"https:\/\/www.moicca.com.ar\/"},{"@type":"ListItem","position":2,"name":"Tienda","item":"https:\/\/www.moicca.com.ar\/index.php\/tienda\/"},{"@type":"ListItem","position":3,"name":"Camuflado Rosa"}]},{"@type":"WebSite","@id":"https:\/\/www.moicca.com.ar\/#website","url":"https:\/\/www.moicca.com.ar\/","name":"Moicca Mascotas","description":"Accesorios para mascotas","publisher":{"@id":"https:\/\/www.moicca.com.ar\/#organization"},"potentialAction":[{"@type":"SearchAction","target":{"@type":"EntryPoint","urlTemplate":"https:\/\/www.moicca.com.ar\/?s={search_term_string}"},"query-input":{"@type":"PropertyValueSpecification","valueRequired":true,"valueName":"search_term_string"}}],"inLanguage":"es"},{"@type":"Organization","@id":"https:\/\/www.moicca.com.ar\/#organization","name":"Moicca Mascotas","url":"https:\/\/www.moicca.com.ar\/","logo":{"@type":"ImageObject","inLanguage":"es","@id":"https:\/\/www.moicca.com.ar\/#\/schema\/logo\/image\/","url":"https:\/\/www.moicca.com.ar\/wp-content\/uploads\/2023\/07\/cropped-Picsart_23-07-22_14-00-20-313-1-scaled-1.jpg","contentUrl":"https:\/\/www.moicca.com.ar\/wp-content\/uploads\/2023\/07\/cropped-Picsart_23-07-22_14-00-20-313-1-scaled-1.jpg","width":512,"height":512,"caption":"Moicca Mascotas"},"image":{"@id":"https:\/\/www.moicca.com.ar\/#\/schema\/logo\/image\/"},"sameAs":["https:\/\/www.instagram.com\/moicca.mascotas\/?hl=es"]}]}},"_links":{"self":[{"href":"https:\/\/www.moicca.com.ar\/index.php\/wp-json\/wp\/v2\/product\/3611","targetHints":{"allow":["GET"]}}],"collection":[{"href":"https:\/\/www.moicca.com.ar\/index.php\/wp-json\/wp\/v2\/product"}],"about":[{"href":"https:\/\/www.moicca.com.ar\/index.php\/wp-json\/wp\/v2\/types\/product"}],"replies":[{"embeddable":true,"href":"https:\/\/www.moicca.com.ar\/index.php\/wp-json\/wp\/v2\/comments?post=3611"}],"wp:featuredmedia":[{"embeddable":true,"href":"https:\/\/www.moicca.com.ar\/index.php\/wp-json\/wp\/v2\/media\/3911"}],"wp:attachment":[{"href":"https:\/\/www.moicca.com.ar\/index.php\/wp-json\/wp\/v2\/media?parent=3611"}],"wp:term":[{"taxonomy":"product_brand","embeddable":true,"href":"https:\/\/www.moicca.com.ar\/index.php\/wp-json\/wp\/v2\/product_brand?post=3611"},{"taxonomy":"product_cat","embeddable":true,"href":"https:\/\/www.moicca.com.ar\/index.php\/wp-json\/wp\/v2\/product_cat?post=3611"},{"taxonomy":"product_tag","embeddable":true,"href":"https:\/\/www.moicca.com.ar\/index.php\/wp-json\/wp\/v2\/product_tag?post=3611"}],"curies":[{"name":"wp","href":"https:\/\/api.w.org\/{rel}","templated":true}]}}