{"id":4197,"date":"2025-09-29T02:03:34","date_gmt":"2025-09-29T02:03:34","guid":{"rendered":"https:\/\/www.moicca.com.ar\/index.php\/producto\/gris-con-blanco-2\/"},"modified":"2025-09-29T02:03:34","modified_gmt":"2025-09-29T02:03:34","slug":"gris-con-blanco-2","status":"publish","type":"product","link":"https:\/\/www.moicca.com.ar\/index.php\/producto\/gris-con-blanco-2\/","title":{"rendered":"Gris con Blanco"},"content":{"rendered":"<p>Contenedor Porta Bolsas<\/p>\n<p>Estos perritos estan dise\u00f1ados tejidos a mano, un producto totalmente artesanal para proteger el medio ambiente, ya que el pl\u00e1stico ocasiona un problema ambiental porque tarda cientos de a\u00f1os en degradarse, lo que provoca su acumulaci\u00f3n en ecosistemas terrestres y acu\u00e1ticos, da\u00f1ando a la vida silvestre, contaminando el suelo y el agua.<\/p>\n<p>&#8211; INCLUYE ROLLO DE BOLSITAS<br \/>\n&#8211; ENGANCHE PARA COLGAR<\/p>\n<p>\u2022 SUM\u00c1 los productos que quieras al CARRITO DE COMPRAS para aprovechar UN SOLO ENVIO.<\/p>\n<p>Ante cualquier inquietud no dudes en consultarnos, estamos para ayudarte.<\/p>\n","protected":false},"excerpt":{"rendered":"<p>Contenedor Porta Bolsas Estos perritos estan dise\u00f1ados tejidos a mano, un producto totalmente artesanal para proteger el medio ambiente, ya que el pl\u00e1stico ocasiona un problema ambiental porque tarda cientos de a\u00f1os en degradarse, lo que provoca su acumulaci\u00f3n en ecosistemas terrestres y acu\u00e1ticos, da\u00f1ando a la vida silvestre, contaminando el suelo y el agua. [&hellip;]<\/p>\n","protected":false},"featured_media":4195,"comment_status":"closed","ping_status":"closed","template":"","meta":{"site-sidebar-layout":"default","site-content-layout":"","ast-site-content-layout":"default","site-content-style":"default","site-sidebar-style":"default","ast-global-header-display":"","ast-banner-title-visibility":"","ast-main-header-display":"","ast-hfb-above-header-display":"","ast-hfb-below-header-display":"","ast-hfb-mobile-header-display":"","site-post-title":"","ast-breadcrumbs-content":"","ast-featured-img":"","footer-sml-layout":"","ast-disable-related-posts":"","theme-transparent-header-meta":"","adv-header-id-meta":"","stick-header-meta":"","header-above-stick-meta":"","header-main-stick-meta":"","header-below-stick-meta":"","astra-migrate-meta-layouts":"default","ast-page-background-enabled":"default","ast-page-background-meta":{"desktop":{"background-color":"","background-image":"","background-repeat":"repeat","background-position":"center center","background-size":"auto","background-attachment":"scroll","background-type":"","background-media":"","overlay-type":"","overlay-color":"","overlay-opacity":"","overlay-gradient":""},"tablet":{"background-color":"","background-image":"","background-repeat":"repeat","background-position":"center center","background-size":"auto","background-attachment":"scroll","background-type":"","background-media":"","overlay-type":"","overlay-color":"","overlay-opacity":"","overlay-gradient":""},"mobile":{"background-color":"","background-image":"","background-repeat":"repeat","background-position":"center center","background-size":"auto","background-attachment":"scroll","background-type":"","background-media":"","overlay-type":"","overlay-color":"","overlay-opacity":"","overlay-gradient":""}},"ast-content-background-meta":{"desktop":{"background-color":"var(--ast-global-color-5)","background-image":"","background-repeat":"repeat","background-position":"center center","background-size":"auto","background-attachment":"scroll","background-type":"","background-media":"","overlay-type":"","overlay-color":"","overlay-opacity":"","overlay-gradient":""},"tablet":{"background-color":"var(--ast-global-color-5)","background-image":"","background-repeat":"repeat","background-position":"center center","background-size":"auto","background-attachment":"scroll","background-type":"","background-media":"","overlay-type":"","overlay-color":"","overlay-opacity":"","overlay-gradient":""},"mobile":{"background-color":"var(--ast-global-color-5)","background-image":"","background-repeat":"repeat","background-position":"center center","background-size":"auto","background-attachment":"scroll","background-type":"","background-media":"","overlay-type":"","overlay-color":"","overlay-opacity":"","overlay-gradient":""}}},"product_brand":[],"product_cat":[77],"product_tag":[],"class_list":{"0":"post-4197","1":"product","2":"type-product","3":"status-publish","4":"has-post-thumbnail","6":"product_cat-accesorios","7":"desktop-align-center","8":"tablet-align-left","9":"mobile-align-center","11":"first","12":"instock","13":"shipping-taxable","14":"purchasable","15":"product-type-simple"},"yoast_head":"<!-- This site is optimized with the Yoast SEO plugin v27.4 - https:\/\/yoast.com\/product\/yoast-seo-wordpress\/ -->\n<title>Gris con Blanco - Moicca Mascotas<\/title>\n<meta name=\"robots\" content=\"index, follow, max-snippet:-1, max-image-preview:large, max-video-preview:-1\" \/>\n<link rel=\"canonical\" href=\"https:\/\/www.moicca.com.ar\/index.php\/producto\/gris-con-blanco-2\/\" \/>\n<meta property=\"og:locale\" content=\"es_ES\" \/>\n<meta property=\"og:type\" content=\"article\" \/>\n<meta property=\"og:title\" content=\"Gris con Blanco - Moicca Mascotas\" \/>\n<meta property=\"og:description\" content=\"Contenedor Porta Bolsas Estos perritos estan dise\u00f1ados tejidos a mano, un producto totalmente artesanal para proteger el medio ambiente, ya que el pl\u00e1stico ocasiona un problema ambiental porque tarda cientos de a\u00f1os en degradarse, lo que provoca su acumulaci\u00f3n en ecosistemas terrestres y acu\u00e1ticos, da\u00f1ando a la vida silvestre, contaminando el suelo y el agua. [&hellip;]\" \/>\n<meta property=\"og:url\" content=\"https:\/\/www.moicca.com.ar\/index.php\/producto\/gris-con-blanco-2\/\" \/>\n<meta property=\"og:site_name\" content=\"Moicca Mascotas\" \/>\n<meta name=\"twitter:card\" content=\"summary_large_image\" \/>\n<script type=\"application\/ld+json\" class=\"yoast-schema-graph\">{\"@context\":\"https:\\\/\\\/schema.org\",\"@graph\":[{\"@type\":\"WebPage\",\"@id\":\"https:\\\/\\\/www.moicca.com.ar\\\/index.php\\\/producto\\\/gris-con-blanco-2\\\/\",\"url\":\"https:\\\/\\\/www.moicca.com.ar\\\/index.php\\\/producto\\\/gris-con-blanco-2\\\/\",\"name\":\"Gris con Blanco - Moicca Mascotas\",\"isPartOf\":{\"@id\":\"https:\\\/\\\/www.moicca.com.ar\\\/#website\"},\"primaryImageOfPage\":{\"@id\":\"https:\\\/\\\/www.moicca.com.ar\\\/index.php\\\/producto\\\/gris-con-blanco-2\\\/#primaryimage\"},\"image\":{\"@id\":\"https:\\\/\\\/www.moicca.com.ar\\\/index.php\\\/producto\\\/gris-con-blanco-2\\\/#primaryimage\"},\"thumbnailUrl\":\"https:\\\/\\\/www.moicca.com.ar\\\/wp-content\\\/uploads\\\/2025\\\/09\\\/1000416714.jpg\",\"datePublished\":\"2025-09-29T02:03:34+00:00\",\"breadcrumb\":{\"@id\":\"https:\\\/\\\/www.moicca.com.ar\\\/index.php\\\/producto\\\/gris-con-blanco-2\\\/#breadcrumb\"},\"inLanguage\":\"es\",\"potentialAction\":[{\"@type\":\"ReadAction\",\"target\":[\"https:\\\/\\\/www.moicca.com.ar\\\/index.php\\\/producto\\\/gris-con-blanco-2\\\/\"]}]},{\"@type\":\"ImageObject\",\"inLanguage\":\"es\",\"@id\":\"https:\\\/\\\/www.moicca.com.ar\\\/index.php\\\/producto\\\/gris-con-blanco-2\\\/#primaryimage\",\"url\":\"https:\\\/\\\/www.moicca.com.ar\\\/wp-content\\\/uploads\\\/2025\\\/09\\\/1000416714.jpg\",\"contentUrl\":\"https:\\\/\\\/www.moicca.com.ar\\\/wp-content\\\/uploads\\\/2025\\\/09\\\/1000416714.jpg\",\"width\":1600,\"height\":1600},{\"@type\":\"BreadcrumbList\",\"@id\":\"https:\\\/\\\/www.moicca.com.ar\\\/index.php\\\/producto\\\/gris-con-blanco-2\\\/#breadcrumb\",\"itemListElement\":[{\"@type\":\"ListItem\",\"position\":1,\"name\":\"Portada\",\"item\":\"https:\\\/\\\/www.moicca.com.ar\\\/\"},{\"@type\":\"ListItem\",\"position\":2,\"name\":\"Tienda\",\"item\":\"https:\\\/\\\/www.moicca.com.ar\\\/index.php\\\/tienda\\\/\"},{\"@type\":\"ListItem\",\"position\":3,\"name\":\"Gris con Blanco\"}]},{\"@type\":\"WebSite\",\"@id\":\"https:\\\/\\\/www.moicca.com.ar\\\/#website\",\"url\":\"https:\\\/\\\/www.moicca.com.ar\\\/\",\"name\":\"Moicca Mascotas\",\"description\":\"Accesorios para mascotas\",\"publisher\":{\"@id\":\"https:\\\/\\\/www.moicca.com.ar\\\/#organization\"},\"potentialAction\":[{\"@type\":\"SearchAction\",\"target\":{\"@type\":\"EntryPoint\",\"urlTemplate\":\"https:\\\/\\\/www.moicca.com.ar\\\/?s={search_term_string}\"},\"query-input\":{\"@type\":\"PropertyValueSpecification\",\"valueRequired\":true,\"valueName\":\"search_term_string\"}}],\"inLanguage\":\"es\"},{\"@type\":\"Organization\",\"@id\":\"https:\\\/\\\/www.moicca.com.ar\\\/#organization\",\"name\":\"Moicca Mascotas\",\"url\":\"https:\\\/\\\/www.moicca.com.ar\\\/\",\"logo\":{\"@type\":\"ImageObject\",\"inLanguage\":\"es\",\"@id\":\"https:\\\/\\\/www.moicca.com.ar\\\/#\\\/schema\\\/logo\\\/image\\\/\",\"url\":\"https:\\\/\\\/www.moicca.com.ar\\\/wp-content\\\/uploads\\\/2023\\\/07\\\/cropped-Picsart_23-07-22_14-00-20-313-1-scaled-1.jpg\",\"contentUrl\":\"https:\\\/\\\/www.moicca.com.ar\\\/wp-content\\\/uploads\\\/2023\\\/07\\\/cropped-Picsart_23-07-22_14-00-20-313-1-scaled-1.jpg\",\"width\":512,\"height\":512,\"caption\":\"Moicca Mascotas\"},\"image\":{\"@id\":\"https:\\\/\\\/www.moicca.com.ar\\\/#\\\/schema\\\/logo\\\/image\\\/\"},\"sameAs\":[\"https:\\\/\\\/www.instagram.com\\\/moicca.mascotas\\\/?hl=es\"]}]}<\/script>\n<!-- \/ Yoast SEO plugin. -->","yoast_head_json":{"title":"Gris con Blanco - Moicca Mascotas","robots":{"index":"index","follow":"follow","max-snippet":"max-snippet:-1","max-image-preview":"max-image-preview:large","max-video-preview":"max-video-preview:-1"},"canonical":"https:\/\/www.moicca.com.ar\/index.php\/producto\/gris-con-blanco-2\/","og_locale":"es_ES","og_type":"article","og_title":"Gris con Blanco - Moicca Mascotas","og_description":"Contenedor Porta Bolsas Estos perritos estan dise\u00f1ados tejidos a mano, un producto totalmente artesanal para proteger el medio ambiente, ya que el pl\u00e1stico ocasiona un problema ambiental porque tarda cientos de a\u00f1os en degradarse, lo que provoca su acumulaci\u00f3n en ecosistemas terrestres y acu\u00e1ticos, da\u00f1ando a la vida silvestre, contaminando el suelo y el agua. [&hellip;]","og_url":"https:\/\/www.moicca.com.ar\/index.php\/producto\/gris-con-blanco-2\/","og_site_name":"Moicca Mascotas","twitter_card":"summary_large_image","schema":{"@context":"https:\/\/schema.org","@graph":[{"@type":"WebPage","@id":"https:\/\/www.moicca.com.ar\/index.php\/producto\/gris-con-blanco-2\/","url":"https:\/\/www.moicca.com.ar\/index.php\/producto\/gris-con-blanco-2\/","name":"Gris con Blanco - Moicca Mascotas","isPartOf":{"@id":"https:\/\/www.moicca.com.ar\/#website"},"primaryImageOfPage":{"@id":"https:\/\/www.moicca.com.ar\/index.php\/producto\/gris-con-blanco-2\/#primaryimage"},"image":{"@id":"https:\/\/www.moicca.com.ar\/index.php\/producto\/gris-con-blanco-2\/#primaryimage"},"thumbnailUrl":"https:\/\/www.moicca.com.ar\/wp-content\/uploads\/2025\/09\/1000416714.jpg","datePublished":"2025-09-29T02:03:34+00:00","breadcrumb":{"@id":"https:\/\/www.moicca.com.ar\/index.php\/producto\/gris-con-blanco-2\/#breadcrumb"},"inLanguage":"es","potentialAction":[{"@type":"ReadAction","target":["https:\/\/www.moicca.com.ar\/index.php\/producto\/gris-con-blanco-2\/"]}]},{"@type":"ImageObject","inLanguage":"es","@id":"https:\/\/www.moicca.com.ar\/index.php\/producto\/gris-con-blanco-2\/#primaryimage","url":"https:\/\/www.moicca.com.ar\/wp-content\/uploads\/2025\/09\/1000416714.jpg","contentUrl":"https:\/\/www.moicca.com.ar\/wp-content\/uploads\/2025\/09\/1000416714.jpg","width":1600,"height":1600},{"@type":"BreadcrumbList","@id":"https:\/\/www.moicca.com.ar\/index.php\/producto\/gris-con-blanco-2\/#breadcrumb","itemListElement":[{"@type":"ListItem","position":1,"name":"Portada","item":"https:\/\/www.moicca.com.ar\/"},{"@type":"ListItem","position":2,"name":"Tienda","item":"https:\/\/www.moicca.com.ar\/index.php\/tienda\/"},{"@type":"ListItem","position":3,"name":"Gris con Blanco"}]},{"@type":"WebSite","@id":"https:\/\/www.moicca.com.ar\/#website","url":"https:\/\/www.moicca.com.ar\/","name":"Moicca Mascotas","description":"Accesorios para mascotas","publisher":{"@id":"https:\/\/www.moicca.com.ar\/#organization"},"potentialAction":[{"@type":"SearchAction","target":{"@type":"EntryPoint","urlTemplate":"https:\/\/www.moicca.com.ar\/?s={search_term_string}"},"query-input":{"@type":"PropertyValueSpecification","valueRequired":true,"valueName":"search_term_string"}}],"inLanguage":"es"},{"@type":"Organization","@id":"https:\/\/www.moicca.com.ar\/#organization","name":"Moicca Mascotas","url":"https:\/\/www.moicca.com.ar\/","logo":{"@type":"ImageObject","inLanguage":"es","@id":"https:\/\/www.moicca.com.ar\/#\/schema\/logo\/image\/","url":"https:\/\/www.moicca.com.ar\/wp-content\/uploads\/2023\/07\/cropped-Picsart_23-07-22_14-00-20-313-1-scaled-1.jpg","contentUrl":"https:\/\/www.moicca.com.ar\/wp-content\/uploads\/2023\/07\/cropped-Picsart_23-07-22_14-00-20-313-1-scaled-1.jpg","width":512,"height":512,"caption":"Moicca Mascotas"},"image":{"@id":"https:\/\/www.moicca.com.ar\/#\/schema\/logo\/image\/"},"sameAs":["https:\/\/www.instagram.com\/moicca.mascotas\/?hl=es"]}]}},"_links":{"self":[{"href":"https:\/\/www.moicca.com.ar\/index.php\/wp-json\/wp\/v2\/product\/4197","targetHints":{"allow":["GET"]}}],"collection":[{"href":"https:\/\/www.moicca.com.ar\/index.php\/wp-json\/wp\/v2\/product"}],"about":[{"href":"https:\/\/www.moicca.com.ar\/index.php\/wp-json\/wp\/v2\/types\/product"}],"replies":[{"embeddable":true,"href":"https:\/\/www.moicca.com.ar\/index.php\/wp-json\/wp\/v2\/comments?post=4197"}],"wp:featuredmedia":[{"embeddable":true,"href":"https:\/\/www.moicca.com.ar\/index.php\/wp-json\/wp\/v2\/media\/4195"}],"wp:attachment":[{"href":"https:\/\/www.moicca.com.ar\/index.php\/wp-json\/wp\/v2\/media?parent=4197"}],"wp:term":[{"taxonomy":"product_brand","embeddable":true,"href":"https:\/\/www.moicca.com.ar\/index.php\/wp-json\/wp\/v2\/product_brand?post=4197"},{"taxonomy":"product_cat","embeddable":true,"href":"https:\/\/www.moicca.com.ar\/index.php\/wp-json\/wp\/v2\/product_cat?post=4197"},{"taxonomy":"product_tag","embeddable":true,"href":"https:\/\/www.moicca.com.ar\/index.php\/wp-json\/wp\/v2\/product_tag?post=4197"}],"curies":[{"name":"wp","href":"https:\/\/api.w.org\/{rel}","templated":true}]}}